{"id":2,"date":"2016-05-10T03:48:21","date_gmt":"2016-05-10T03:48:21","guid":{"rendered":"https:\/\/koenigsjodler-lodge.at\/?page_id=2"},"modified":"2022-08-09T07:43:07","modified_gmt":"2022-08-09T07:43:07","slug":"main","status":"publish","type":"page","link":"https:\/\/koenigsjodler-lodge.at\/","title":{"rendered":"Die K\u00f6nigsjodler Lodge"},"content":{"rendered":"<div><b><i>66m2 <\/i>|&nbsp;<i>Max. 6 Personen <\/i>|<i> 6 + 2 Betten <\/i>|<i> Sonnenterrasse<\/i><\/b><\/div>\n<div>&nbsp;<\/div>\n<div>Herzlich Willkommen in der K\u00f6nigsjodler Lodge. Unser Apartment am Hochk\u00f6nig liegt in ruhiger, sonniger Lage direkt beim &#8222;Zachhof Babylift&#8220; und am Skiweg, der Sie im Winter unmittelbar (2min Fahrtzeit) ins Skizentrum Dienten bringt. Im Sommer k\u00f6nnen sie vor der Haust\u00fcre, auf bestens markierten Wanderwegen und Mountainbike-Strecken, in die Berge starten.<\/div>\n<div>&nbsp;<\/div>\n<div>In Fu\u00dfn\u00e4he (10min) befindet sich das Ortszentrum Dienten, wo sich zahlreiche Restaurants und Einkaufsm\u00f6glichkeiten befinden.<\/div>\n<div>&nbsp;<\/div>\n<div>Im Winter bietet Ihnen das Skigebiet &#8222;Hochk\u00f6nig&#8220; 120 Pistenkilometer sowie eine Vielzahl an Winteraktivit\u00e4ten (Langlauf Loipen, Skitouren, Schneeschuhwanderung, Rodelbahn)<\/div>\n<div>&nbsp;<\/div>\n<div>Im Sommer k\u00f6nnen Sie zwischen Wanderwegen, Klettersteigen, Mountainbike Trails, Sommerrodeln und vielen anderen M\u00f6glichkeiten die Hochk\u00f6nig Region zu erkunden, w\u00e4hlen.<\/div>\n<div>&nbsp;<\/div>\n\n\n<figure class=\"wp-block-gallery has-nested-images columns-default is-cropped wp-block-gallery-1 is-layout-flex wp-block-gallery-is-layout-flex\">\n<figure class=\"wp-block-image size-large\"><img loading=\"lazy\" decoding=\"async\" width=\"1024\" height=\"768\" data-id=\"32\" src=\"https:\/\/koenigsjodler-lodge.at\/wp-content\/uploads\/2021\/06\/View-of-the-building-from-a-distance-summer-2-1024x768.jpg\" alt=\"\" class=\"wp-image-32\" srcset=\"https:\/\/koenigsjodler-lodge.at\/wp-content\/uploads\/2021\/06\/View-of-the-building-from-a-distance-summer-2-1024x768.jpg 1024w, https:\/\/koenigsjodler-lodge.at\/wp-content\/uploads\/2021\/06\/View-of-the-building-from-a-distance-summer-2-300x225.jpg 300w, https:\/\/koenigsjodler-lodge.at\/wp-content\/uploads\/2021\/06\/View-of-the-building-from-a-distance-summer-2-768x576.jpg 768w, https:\/\/koenigsjodler-lodge.at\/wp-content\/uploads\/2021\/06\/View-of-the-building-from-a-distance-summer-2-1536x1152.jpg 1536w, https:\/\/koenigsjodler-lodge.at\/wp-content\/uploads\/2021\/06\/View-of-the-building-from-a-distance-summer-2-2048x1536.jpg 2048w, https:\/\/koenigsjodler-lodge.at\/wp-content\/uploads\/2021\/06\/View-of-the-building-from-a-distance-summer-2-2000x1500.jpg 2000w, https:\/\/koenigsjodler-lodge.at\/wp-content\/uploads\/2021\/06\/View-of-the-building-from-a-distance-summer-2-1800x1350.jpg 1800w\" sizes=\"auto, (max-width: 1024px) 100vw, 1024px\" \/><\/figure>\n<\/figure>\n\n\n\n<p>In unserer Lodge genie\u00dfen Sie auf 66m2, aufgeteilt auf zwei Schlafzimmer, einem gro\u00dfz\u00fcgigen Wohnzimmer mit K\u00fcche, sowie Badezimmer mit WC, ein separates WC und ein Abstellraum einen unvergesslichen Urlaub. Bis zu 8 Personen finden bei uns Platz und k\u00f6nnen zudem auf der ger\u00e4umigen Terrasse die Abende ausklingen lassen. &nbsp; <\/p>\n\n\n\n<ul class=\"wp-block-list\"><li>Schlafzimmer1 bietet ein Doppelbett&#8230;. <\/li><li>Schlafzimmer2 bietet Doppelbett und Hochbett &#8230; <\/li><li>Wohnzimmer mit Eckbank, K\u00fcche, Ausziehcouch,&#8230; &nbsp; <\/li><\/ul>\n\n\n\n<p><strong>Ausstattungen<\/strong>:<\/p>\n\n\n\n<ul class=\"wp-block-list\"><li>TV<\/li><li>Internet<\/li><li>Parkplatz vor dem Haus<\/li><li>K\u00fcche mit Pfannen und Geschirr<\/li><li>Grundausstattung wie Salz,Pfeffer, \u00d6l, etc&#8230;<\/li><li>Toaster<\/li><li>Wasserkocher<\/li><li>Kaffemaschine<\/li><li>Geschirrsp\u00fcler<\/li><li>Herd mit Backrohr<\/li><li>Safe<\/li><li>M\u00fcnzwaschmaschine im Keller<\/li><\/ul>\n\n\n\n<p><strong>Extras:<\/strong><\/p>\n\n\n\n<ul class=\"wp-block-list\"><li>Nichtraucherdomizil<\/li><li>Gemeinschaftsraum im Wohnhaus mit Sitzm\u00f6glichkeiten<\/li><li>Tischfu\u00dfball<\/li><li>Skiraum<\/li><li>Radraum<\/li><li>Sauna<\/li><li>Skiweg und Schlepplift direkt vorm Haus!<\/li><li>Hochk\u00f6nigcard<\/li><\/ul>\n\n\n\n<p>* Haustiere sind leider nicht erw\u00fcnscht!<\/p>\n\n\n\n<p><strong>Was ist alles vor Ort:<\/strong><br>+ Betten sind bezogen<br>+ Handt\u00fccher vorhanden<\/p>\n\n\n\n<figure class=\"wp-block-gallery has-nested-images columns-default is-cropped wp-block-gallery-2 is-layout-flex wp-block-gallery-is-layout-flex\">\n<figure class=\"wp-block-image size-large\"><img loading=\"lazy\" decoding=\"async\" width=\"1024\" height=\"768\" data-id=\"136\" src=\"https:\/\/koenigsjodler-lodge.at\/wp-content\/uploads\/2021\/08\/20210723_113917855_iOS-1024x768.jpg\" alt=\"\" class=\"wp-image-136\" srcset=\"https:\/\/koenigsjodler-lodge.at\/wp-content\/uploads\/2021\/08\/20210723_113917855_iOS-1024x768.jpg 1024w, https:\/\/koenigsjodler-lodge.at\/wp-content\/uploads\/2021\/08\/20210723_113917855_iOS-300x225.jpg 300w, https:\/\/koenigsjodler-lodge.at\/wp-content\/uploads\/2021\/08\/20210723_113917855_iOS-768x576.jpg 768w, https:\/\/koenigsjodler-lodge.at\/wp-content\/uploads\/2021\/08\/20210723_113917855_iOS-1536x1152.jpg 1536w, https:\/\/koenigsjodler-lodge.at\/wp-content\/uploads\/2021\/08\/20210723_113917855_iOS-2048x1536.jpg 2048w, https:\/\/koenigsjodler-lodge.at\/wp-content\/uploads\/2021\/08\/20210723_113917855_iOS-2000x1500.jpg 2000w, https:\/\/koenigsjodler-lodge.at\/wp-content\/uploads\/2021\/08\/20210723_113917855_iOS-1800x1350.jpg 1800w\" sizes=\"auto, (max-width: 1024px) 100vw, 1024px\" \/><\/figure>\n\n\n\n<figure class=\"wp-block-image size-large\"><img loading=\"lazy\" decoding=\"async\" width=\"1024\" height=\"683\" data-id=\"34\" src=\"https:\/\/koenigsjodler-lodge.at\/wp-content\/uploads\/2021\/06\/cropped-cropped-DSC_0300-scaled-1-1024x683.jpg\" alt=\"\" class=\"wp-image-34\" srcset=\"https:\/\/koenigsjodler-lodge.at\/wp-content\/uploads\/2021\/06\/cropped-cropped-DSC_0300-scaled-1-1024x683.jpg 1024w, https:\/\/koenigsjodler-lodge.at\/wp-content\/uploads\/2021\/06\/cropped-cropped-DSC_0300-scaled-1-300x200.jpg 300w, https:\/\/koenigsjodler-lodge.at\/wp-content\/uploads\/2021\/06\/cropped-cropped-DSC_0300-scaled-1-768x512.jpg 768w, https:\/\/koenigsjodler-lodge.at\/wp-content\/uploads\/2021\/06\/cropped-cropped-DSC_0300-scaled-1-1536x1025.jpg 1536w, https:\/\/koenigsjodler-lodge.at\/wp-content\/uploads\/2021\/06\/cropped-cropped-DSC_0300-scaled-1-1800x1201.jpg 1800w, https:\/\/koenigsjodler-lodge.at\/wp-content\/uploads\/2021\/06\/cropped-cropped-DSC_0300-scaled-1.jpg 2000w\" sizes=\"auto, (max-width: 1024px) 100vw, 1024px\" \/><\/figure>\n\n\n\n<figure class=\"wp-block-image size-large\"><img loading=\"lazy\" decoding=\"async\" width=\"1024\" height=\"696\" data-id=\"140\" src=\"https:\/\/koenigsjodler-lodge.at\/wp-content\/uploads\/2021\/08\/20210221_135418962_iOS-1-1024x696.jpg\" alt=\"\" class=\"wp-image-140\" srcset=\"https:\/\/koenigsjodler-lodge.at\/wp-content\/uploads\/2021\/08\/20210221_135418962_iOS-1-1024x696.jpg 1024w, https:\/\/koenigsjodler-lodge.at\/wp-content\/uploads\/2021\/08\/20210221_135418962_iOS-1-300x204.jpg 300w, https:\/\/koenigsjodler-lodge.at\/wp-content\/uploads\/2021\/08\/20210221_135418962_iOS-1-768x522.jpg 768w, https:\/\/koenigsjodler-lodge.at\/wp-content\/uploads\/2021\/08\/20210221_135418962_iOS-1-1536x1044.jpg 1536w, https:\/\/koenigsjodler-lodge.at\/wp-content\/uploads\/2021\/08\/20210221_135418962_iOS-1-2048x1393.jpg 2048w, https:\/\/koenigsjodler-lodge.at\/wp-content\/uploads\/2021\/08\/20210221_135418962_iOS-1-2000x1360.jpg 2000w, https:\/\/koenigsjodler-lodge.at\/wp-content\/uploads\/2021\/08\/20210221_135418962_iOS-1-1800x1224.jpg 1800w\" sizes=\"auto, (max-width: 1024px) 100vw, 1024px\" \/><\/figure>\n\n\n\n<figure class=\"wp-block-image size-large\"><img loading=\"lazy\" decoding=\"async\" width=\"768\" height=\"1024\" data-id=\"31\" src=\"https:\/\/koenigsjodler-lodge.at\/wp-content\/uploads\/2021\/06\/On-the-terrace-2-768x1024.jpg\" alt=\"\" class=\"wp-image-31\" srcset=\"https:\/\/koenigsjodler-lodge.at\/wp-content\/uploads\/2021\/06\/On-the-terrace-2-768x1024.jpg 768w, https:\/\/koenigsjodler-lodge.at\/wp-content\/uploads\/2021\/06\/On-the-terrace-2-225x300.jpg 225w, https:\/\/koenigsjodler-lodge.at\/wp-content\/uploads\/2021\/06\/On-the-terrace-2-1152x1536.jpg 1152w, https:\/\/koenigsjodler-lodge.at\/wp-content\/uploads\/2021\/06\/On-the-terrace-2-1536x2048.jpg 1536w, https:\/\/koenigsjodler-lodge.at\/wp-content\/uploads\/2021\/06\/On-the-terrace-2-2000x2667.jpg 2000w, https:\/\/koenigsjodler-lodge.at\/wp-content\/uploads\/2021\/06\/On-the-terrace-2-1800x2400.jpg 1800w, https:\/\/koenigsjodler-lodge.at\/wp-content\/uploads\/2021\/06\/On-the-terrace-2-scaled.jpg 1920w\" sizes=\"auto, (max-width: 768px) 100vw, 768px\" \/><\/figure>\n\n\n\n<figure class=\"wp-block-image size-large\"><img loading=\"lazy\" decoding=\"async\" width=\"1024\" height=\"683\" data-id=\"28\" src=\"https:\/\/koenigsjodler-lodge.at\/wp-content\/uploads\/2021\/06\/IMG_5666-2-1024x683.jpg\" alt=\"\" class=\"wp-image-28\" srcset=\"https:\/\/koenigsjodler-lodge.at\/wp-content\/uploads\/2021\/06\/IMG_5666-2-1024x683.jpg 1024w, https:\/\/koenigsjodler-lodge.at\/wp-content\/uploads\/2021\/06\/IMG_5666-2-300x200.jpg 300w, https:\/\/koenigsjodler-lodge.at\/wp-content\/uploads\/2021\/06\/IMG_5666-2-768x512.jpg 768w, https:\/\/koenigsjodler-lodge.at\/wp-content\/uploads\/2021\/06\/IMG_5666-2-1536x1024.jpg 1536w, https:\/\/koenigsjodler-lodge.at\/wp-content\/uploads\/2021\/06\/IMG_5666-2-2048x1365.jpg 2048w, https:\/\/koenigsjodler-lodge.at\/wp-content\/uploads\/2021\/06\/IMG_5666-2-2000x1333.jpg 2000w, https:\/\/koenigsjodler-lodge.at\/wp-content\/uploads\/2021\/06\/IMG_5666-2-1800x1200.jpg 1800w\" sizes=\"auto, (max-width: 1024px) 100vw, 1024px\" \/><\/figure>\n\n\n\n<figure class=\"wp-block-image size-large\"><img loading=\"lazy\" decoding=\"async\" width=\"768\" height=\"1024\" data-id=\"30\" src=\"https:\/\/koenigsjodler-lodge.at\/wp-content\/uploads\/2021\/06\/Inside-the-sauna-2-768x1024.jpg\" alt=\"\" class=\"wp-image-30\" srcset=\"https:\/\/koenigsjodler-lodge.at\/wp-content\/uploads\/2021\/06\/Inside-the-sauna-2-768x1024.jpg 768w, https:\/\/koenigsjodler-lodge.at\/wp-content\/uploads\/2021\/06\/Inside-the-sauna-2-225x300.jpg 225w, https:\/\/koenigsjodler-lodge.at\/wp-content\/uploads\/2021\/06\/Inside-the-sauna-2-1152x1536.jpg 1152w, https:\/\/koenigsjodler-lodge.at\/wp-content\/uploads\/2021\/06\/Inside-the-sauna-2-1536x2048.jpg 1536w, https:\/\/koenigsjodler-lodge.at\/wp-content\/uploads\/2021\/06\/Inside-the-sauna-2-2000x2667.jpg 2000w, https:\/\/koenigsjodler-lodge.at\/wp-content\/uploads\/2021\/06\/Inside-the-sauna-2-1800x2400.jpg 1800w, https:\/\/koenigsjodler-lodge.at\/wp-content\/uploads\/2021\/06\/Inside-the-sauna-2-scaled.jpg 1920w\" sizes=\"auto, (max-width: 768px) 100vw, 768px\" \/><\/figure>\n\n\n\n<figure class=\"wp-block-image size-large\"><img loading=\"lazy\" decoding=\"async\" width=\"1024\" height=\"683\" data-id=\"27\" src=\"https:\/\/koenigsjodler-lodge.at\/wp-content\/uploads\/2021\/06\/DSC_0344-1024x683.jpg\" alt=\"\" class=\"wp-image-27\" srcset=\"https:\/\/koenigsjodler-lodge.at\/wp-content\/uploads\/2021\/06\/DSC_0344-1024x683.jpg 1024w, https:\/\/koenigsjodler-lodge.at\/wp-content\/uploads\/2021\/06\/DSC_0344-300x200.jpg 300w, https:\/\/koenigsjodler-lodge.at\/wp-content\/uploads\/2021\/06\/DSC_0344-768x512.jpg 768w, https:\/\/koenigsjodler-lodge.at\/wp-content\/uploads\/2021\/06\/DSC_0344-1536x1024.jpg 1536w, https:\/\/koenigsjodler-lodge.at\/wp-content\/uploads\/2021\/06\/DSC_0344-2048x1365.jpg 2048w, https:\/\/koenigsjodler-lodge.at\/wp-content\/uploads\/2021\/06\/DSC_0344-2000x1333.jpg 2000w, https:\/\/koenigsjodler-lodge.at\/wp-content\/uploads\/2021\/06\/DSC_0344-1800x1200.jpg 1800w\" sizes=\"auto, (max-width: 1024px) 100vw, 1024px\" \/><\/figure>\n\n\n\n<figure class=\"wp-block-image size-large\"><img loading=\"lazy\" decoding=\"async\" width=\"1024\" height=\"683\" data-id=\"24\" src=\"https:\/\/koenigsjodler-lodge.at\/wp-content\/uploads\/2021\/06\/DSC_0338-2-1024x683.jpg\" alt=\"\" class=\"wp-image-24\" srcset=\"https:\/\/koenigsjodler-lodge.at\/wp-content\/uploads\/2021\/06\/DSC_0338-2-1024x683.jpg 1024w, https:\/\/koenigsjodler-lodge.at\/wp-content\/uploads\/2021\/06\/DSC_0338-2-300x200.jpg 300w, https:\/\/koenigsjodler-lodge.at\/wp-content\/uploads\/2021\/06\/DSC_0338-2-768x512.jpg 768w, https:\/\/koenigsjodler-lodge.at\/wp-content\/uploads\/2021\/06\/DSC_0338-2-1536x1024.jpg 1536w, https:\/\/koenigsjodler-lodge.at\/wp-content\/uploads\/2021\/06\/DSC_0338-2-2048x1365.jpg 2048w, https:\/\/koenigsjodler-lodge.at\/wp-content\/uploads\/2021\/06\/DSC_0338-2-2000x1333.jpg 2000w, https:\/\/koenigsjodler-lodge.at\/wp-content\/uploads\/2021\/06\/DSC_0338-2-1800x1200.jpg 1800w\" sizes=\"auto, (max-width: 1024px) 100vw, 1024px\" \/><\/figure>\n\n\n\n<figure class=\"wp-block-image size-large\"><img loading=\"lazy\" decoding=\"async\" width=\"1024\" height=\"683\" data-id=\"23\" src=\"https:\/\/koenigsjodler-lodge.at\/wp-content\/uploads\/2021\/06\/DSC_0336-1024x683.jpg\" alt=\"\" class=\"wp-image-23\" srcset=\"https:\/\/koenigsjodler-lodge.at\/wp-content\/uploads\/2021\/06\/DSC_0336-1024x683.jpg 1024w, https:\/\/koenigsjodler-lodge.at\/wp-content\/uploads\/2021\/06\/DSC_0336-300x200.jpg 300w, https:\/\/koenigsjodler-lodge.at\/wp-content\/uploads\/2021\/06\/DSC_0336-768x512.jpg 768w, https:\/\/koenigsjodler-lodge.at\/wp-content\/uploads\/2021\/06\/DSC_0336-1536x1024.jpg 1536w, https:\/\/koenigsjodler-lodge.at\/wp-content\/uploads\/2021\/06\/DSC_0336-2048x1365.jpg 2048w, https:\/\/koenigsjodler-lodge.at\/wp-content\/uploads\/2021\/06\/DSC_0336-2000x1333.jpg 2000w, https:\/\/koenigsjodler-lodge.at\/wp-content\/uploads\/2021\/06\/DSC_0336-1800x1200.jpg 1800w\" sizes=\"auto, (max-width: 1024px) 100vw, 1024px\" \/><\/figure>\n\n\n\n<figure class=\"wp-block-image size-large\"><img loading=\"lazy\" decoding=\"async\" width=\"1024\" height=\"683\" data-id=\"21\" src=\"https:\/\/koenigsjodler-lodge.at\/wp-content\/uploads\/2021\/06\/DSC_0327-1024x683.jpg\" alt=\"\" class=\"wp-image-21\" srcset=\"https:\/\/koenigsjodler-lodge.at\/wp-content\/uploads\/2021\/06\/DSC_0327-1024x683.jpg 1024w, https:\/\/koenigsjodler-lodge.at\/wp-content\/uploads\/2021\/06\/DSC_0327-300x200.jpg 300w, https:\/\/koenigsjodler-lodge.at\/wp-content\/uploads\/2021\/06\/DSC_0327-768x512.jpg 768w, https:\/\/koenigsjodler-lodge.at\/wp-content\/uploads\/2021\/06\/DSC_0327-1536x1024.jpg 1536w, https:\/\/koenigsjodler-lodge.at\/wp-content\/uploads\/2021\/06\/DSC_0327-2048x1365.jpg 2048w, https:\/\/koenigsjodler-lodge.at\/wp-content\/uploads\/2021\/06\/DSC_0327-2000x1333.jpg 2000w, https:\/\/koenigsjodler-lodge.at\/wp-content\/uploads\/2021\/06\/DSC_0327-1800x1200.jpg 1800w\" sizes=\"auto, (max-width: 1024px) 100vw, 1024px\" \/><\/figure>\n\n\n\n<figure class=\"wp-block-image size-large\"><img loading=\"lazy\" decoding=\"async\" width=\"1024\" height=\"683\" data-id=\"20\" src=\"https:\/\/koenigsjodler-lodge.at\/wp-content\/uploads\/2021\/06\/DSC_0323-1024x683.jpg\" alt=\"\" class=\"wp-image-20\" srcset=\"https:\/\/koenigsjodler-lodge.at\/wp-content\/uploads\/2021\/06\/DSC_0323-1024x683.jpg 1024w, https:\/\/koenigsjodler-lodge.at\/wp-content\/uploads\/2021\/06\/DSC_0323-300x200.jpg 300w, https:\/\/koenigsjodler-lodge.at\/wp-content\/uploads\/2021\/06\/DSC_0323-768x512.jpg 768w, https:\/\/koenigsjodler-lodge.at\/wp-content\/uploads\/2021\/06\/DSC_0323-1536x1024.jpg 1536w, https:\/\/koenigsjodler-lodge.at\/wp-content\/uploads\/2021\/06\/DSC_0323-2048x1365.jpg 2048w, https:\/\/koenigsjodler-lodge.at\/wp-content\/uploads\/2021\/06\/DSC_0323-2000x1333.jpg 2000w, https:\/\/koenigsjodler-lodge.at\/wp-content\/uploads\/2021\/06\/DSC_0323-1800x1200.jpg 1800w\" sizes=\"auto, (max-width: 1024px) 100vw, 1024px\" \/><\/figure>\n\n\n\n<figure class=\"wp-block-image size-large\"><img loading=\"lazy\" decoding=\"async\" width=\"1024\" height=\"683\" data-id=\"19\" src=\"https:\/\/koenigsjodler-lodge.at\/wp-content\/uploads\/2021\/06\/DSC_0321-1024x683.jpg\" alt=\"\" class=\"wp-image-19\" srcset=\"https:\/\/koenigsjodler-lodge.at\/wp-content\/uploads\/2021\/06\/DSC_0321-1024x683.jpg 1024w, https:\/\/koenigsjodler-lodge.at\/wp-content\/uploads\/2021\/06\/DSC_0321-300x200.jpg 300w, https:\/\/koenigsjodler-lodge.at\/wp-content\/uploads\/2021\/06\/DSC_0321-768x512.jpg 768w, https:\/\/koenigsjodler-lodge.at\/wp-content\/uploads\/2021\/06\/DSC_0321-1536x1024.jpg 1536w, https:\/\/koenigsjodler-lodge.at\/wp-content\/uploads\/2021\/06\/DSC_0321-2048x1365.jpg 2048w, https:\/\/koenigsjodler-lodge.at\/wp-content\/uploads\/2021\/06\/DSC_0321-2000x1333.jpg 2000w, https:\/\/koenigsjodler-lodge.at\/wp-content\/uploads\/2021\/06\/DSC_0321-1800x1200.jpg 1800w\" sizes=\"auto, (max-width: 1024px) 100vw, 1024px\" \/><\/figure>\n\n\n\n<figure class=\"wp-block-image size-large\"><img loading=\"lazy\" decoding=\"async\" width=\"1024\" height=\"683\" data-id=\"18\" src=\"https:\/\/koenigsjodler-lodge.at\/wp-content\/uploads\/2021\/06\/DSC_0316-1024x683.jpg\" alt=\"\" class=\"wp-image-18\" srcset=\"https:\/\/koenigsjodler-lodge.at\/wp-content\/uploads\/2021\/06\/DSC_0316-1024x683.jpg 1024w, https:\/\/koenigsjodler-lodge.at\/wp-content\/uploads\/2021\/06\/DSC_0316-300x200.jpg 300w, https:\/\/koenigsjodler-lodge.at\/wp-content\/uploads\/2021\/06\/DSC_0316-768x512.jpg 768w, https:\/\/koenigsjodler-lodge.at\/wp-content\/uploads\/2021\/06\/DSC_0316-1536x1024.jpg 1536w, https:\/\/koenigsjodler-lodge.at\/wp-content\/uploads\/2021\/06\/DSC_0316-2048x1365.jpg 2048w, https:\/\/koenigsjodler-lodge.at\/wp-content\/uploads\/2021\/06\/DSC_0316-2000x1333.jpg 2000w, https:\/\/koenigsjodler-lodge.at\/wp-content\/uploads\/2021\/06\/DSC_0316-1800x1200.jpg 1800w\" sizes=\"auto, (max-width: 1024px) 100vw, 1024px\" \/><\/figure>\n\n\n\n<figure class=\"wp-block-image size-large\"><img loading=\"lazy\" decoding=\"async\" width=\"683\" height=\"1024\" data-id=\"8\" src=\"https:\/\/koenigsjodler-lodge.at\/wp-content\/uploads\/2021\/06\/DSC_0279-683x1024.jpg\" alt=\"\" class=\"wp-image-8\" srcset=\"https:\/\/koenigsjodler-lodge.at\/wp-content\/uploads\/2021\/06\/DSC_0279-683x1024.jpg 683w, https:\/\/koenigsjodler-lodge.at\/wp-content\/uploads\/2021\/06\/DSC_0279-200x300.jpg 200w, https:\/\/koenigsjodler-lodge.at\/wp-content\/uploads\/2021\/06\/DSC_0279-768x1152.jpg 768w, https:\/\/koenigsjodler-lodge.at\/wp-content\/uploads\/2021\/06\/DSC_0279-1024x1536.jpg 1024w, https:\/\/koenigsjodler-lodge.at\/wp-content\/uploads\/2021\/06\/DSC_0279-1365x2048.jpg 1365w, https:\/\/koenigsjodler-lodge.at\/wp-content\/uploads\/2021\/06\/DSC_0279-2000x3000.jpg 2000w, https:\/\/koenigsjodler-lodge.at\/wp-content\/uploads\/2021\/06\/DSC_0279-1800x2700.jpg 1800w, https:\/\/koenigsjodler-lodge.at\/wp-content\/uploads\/2021\/06\/DSC_0279-scaled.jpg 1707w\" sizes=\"auto, (max-width: 683px) 100vw, 683px\" \/><\/figure>\n\n\n\n<figure class=\"wp-block-image size-large\"><img loading=\"lazy\" decoding=\"async\" width=\"1024\" height=\"683\" data-id=\"6\" src=\"https:\/\/koenigsjodler-lodge.at\/wp-content\/uploads\/2021\/06\/DSC_0273-1024x683.jpg\" alt=\"\" class=\"wp-image-6\" srcset=\"https:\/\/koenigsjodler-lodge.at\/wp-content\/uploads\/2021\/06\/DSC_0273-1024x683.jpg 1024w, https:\/\/koenigsjodler-lodge.at\/wp-content\/uploads\/2021\/06\/DSC_0273-300x200.jpg 300w, https:\/\/koenigsjodler-lodge.at\/wp-content\/uploads\/2021\/06\/DSC_0273-768x512.jpg 768w, https:\/\/koenigsjodler-lodge.at\/wp-content\/uploads\/2021\/06\/DSC_0273-1536x1024.jpg 1536w, https:\/\/koenigsjodler-lodge.at\/wp-content\/uploads\/2021\/06\/DSC_0273-2048x1365.jpg 2048w, https:\/\/koenigsjodler-lodge.at\/wp-content\/uploads\/2021\/06\/DSC_0273-2000x1333.jpg 2000w, https:\/\/koenigsjodler-lodge.at\/wp-content\/uploads\/2021\/06\/DSC_0273-1800x1200.jpg 1800w\" sizes=\"auto, (max-width: 1024px) 100vw, 1024px\" \/><\/figure>\n\n\n\n<figure class=\"wp-block-image size-large\"><img loading=\"lazy\" decoding=\"async\" width=\"1024\" height=\"768\" data-id=\"135\" src=\"https:\/\/koenigsjodler-lodge.at\/wp-content\/uploads\/2021\/08\/20210722_181946040_iOS-1024x768.jpg\" alt=\"\" class=\"wp-image-135\" srcset=\"https:\/\/koenigsjodler-lodge.at\/wp-content\/uploads\/2021\/08\/20210722_181946040_iOS-1024x768.jpg 1024w, https:\/\/koenigsjodler-lodge.at\/wp-content\/uploads\/2021\/08\/20210722_181946040_iOS-300x225.jpg 300w, https:\/\/koenigsjodler-lodge.at\/wp-content\/uploads\/2021\/08\/20210722_181946040_iOS-768x576.jpg 768w, https:\/\/koenigsjodler-lodge.at\/wp-content\/uploads\/2021\/08\/20210722_181946040_iOS-1536x1152.jpg 1536w, https:\/\/koenigsjodler-lodge.at\/wp-content\/uploads\/2021\/08\/20210722_181946040_iOS-2048x1536.jpg 2048w, https:\/\/koenigsjodler-lodge.at\/wp-content\/uploads\/2021\/08\/20210722_181946040_iOS-2000x1500.jpg 2000w, https:\/\/koenigsjodler-lodge.at\/wp-content\/uploads\/2021\/08\/20210722_181946040_iOS-1800x1350.jpg 1800w\" sizes=\"auto, (max-width: 1024px) 100vw, 1024px\" \/><\/figure>\n<\/figure>\n\n\n\n<p><strong>Hier k\u00f6nnen Sie die K\u00f6nigsjodler Unterkunft buchen:<\/strong><\/p>\n\n\n\n<div class=\"wp-block-buttons alignwide is-horizontal is-content-justification-center is-layout-flex wp-container-core-buttons-is-layout-1 wp-block-buttons-is-layout-flex\">\n<div class=\"wp-block-button is-style-fill\"><a class=\"wp-block-button__link has-white-color has-vivid-cyan-blue-background-color has-text-color has-background\" href=\"https:\/\/www.hochkoenig.at\/de\/buchen\/dienten-koenigsjodler-lodge.html\" target=\"_blank\" rel=\"noreferrer noopener\">Buchen \u00dcber hochk\u00f6nig.at<\/a><\/div>\n\n\n\n<div class=\"wp-block-button\"><a class=\"wp-block-button__link has-pale-pink-background-color has-background\" href=\"https:\/\/www.airbnb.at\/rooms\/50225747?federated_search_id=10e456ca-6b1d-4387-9f11-5311069f7e22&amp;source_impression_id=p3_1623843448_BI8MvQS%2FZ%2BCckmRl&amp;guests=1&amp;adults=1\" target=\"_blank\" rel=\"noreferrer noopener\">Buchen \u00dcber airbnb<\/a><\/div>\n<\/div>\n\n\n\n<p><\/p>\n\n\n\n<p><strong>Adresse der Unterkunft:<\/strong><br>Sonnberg 10<br>5652 Dienten am Hochk\u00f6nig<\/p>\n\n\n\n<iframe src=\"https:\/\/www.google.com\/maps\/embed?pb=!1m18!1m12!1m3!1d2701.3611140390935!2d13.010661545083693!3d47.38538665832803!2m3!1f0!2f0!3f0!3m2!1i1024!2i768!4f13.1!3m3!1m2!1s0x4776e083ab7c843f%3A0xd41b9214e2a5a2ec!2sSonnberg%2010%2C%205652%20Sonnberg!5e0!3m2!1sde!2sat!4v1622986485601!5m2!1sde!2sat\" width=\"600\" height=\"450\" style=\"border:0;\" allowfullscreen=\"\" loading=\"lazy\"><\/iframe>\n\n\n\n<p><\/p>\n\n\n\n<p><\/p>\n\n\n\n<p><\/p>\n\n\n\n<p><\/p>\n\n\n\n<p><\/p>\n","protected":false},"excerpt":{"rendered":"<p>66m2 |&nbsp;Max. 6 Personen | 6 + 2 Betten | Sonnenterrasse &nbsp; Herzlich Willkommen in der K\u00f6nigsjodler Lodge. Unser Apartment am Hochk\u00f6nig liegt in ruhiger, sonniger Lage direkt beim &#8222;Zachhof Babylift&#8220; und am Skiweg, der Sie im Winter unmittelbar (2min Fahrtzeit) ins Skizentrum Dienten bringt. Im Sommer k\u00f6nnen sie vor der Haust\u00fcre, auf bestens markierten &hellip; <\/p>\n<p class=\"link-more\"><a href=\"https:\/\/koenigsjodler-lodge.at\/\" class=\"more-link\">Mehr <span class=\"screen-reader-text\">\u00fcber &#8222;Die K\u00f6nigsjodler Lodge&#8220; <\/span>Lesen<\/a><\/p>\n","protected":false},"author":1,"featured_media":0,"parent":0,"menu_order":0,"comment_status":"closed","ping_status":"closed","template":"","meta":{"footnotes":""},"class_list":["post-2","page","type-page","status-publish","hentry"],"_links":{"self":[{"href":"https:\/\/koenigsjodler-lodge.at\/index.php?rest_route=\/wp\/v2\/pages\/2","targetHints":{"allow":["GET"]}}],"collection":[{"href":"https:\/\/koenigsjodler-lodge.at\/index.php?rest_route=\/wp\/v2\/pages"}],"about":[{"href":"https:\/\/koenigsjodler-lodge.at\/index.php?rest_route=\/wp\/v2\/types\/page"}],"author":[{"embeddable":true,"href":"https:\/\/koenigsjodler-lodge.at\/index.php?rest_route=\/wp\/v2\/users\/1"}],"replies":[{"embeddable":true,"href":"https:\/\/koenigsjodler-lodge.at\/index.php?rest_route=%2Fwp%2Fv2%2Fcomments&post=2"}],"version-history":[{"count":61,"href":"https:\/\/koenigsjodler-lodge.at\/index.php?rest_route=\/wp\/v2\/pages\/2\/revisions"}],"predecessor-version":[{"id":147,"href":"https:\/\/koenigsjodler-lodge.at\/index.php?rest_route=\/wp\/v2\/pages\/2\/revisions\/147"}],"wp:attachment":[{"href":"https:\/\/koenigsjodler-lodge.at\/index.php?rest_route=%2Fwp%2Fv2%2Fmedia&parent=2"}],"curies":[{"name":"wp","href":"https:\/\/api.w.org\/{rel}","templated":true}]}}